{"id":2,"date":"2024-12-19T12:29:54","date_gmt":"2024-12-19T15:29:54","guid":{"rendered":"https:\/\/vamosdelongevidade.com.br\/loja\/?page_id=2"},"modified":"2025-10-28T21:59:39","modified_gmt":"2025-10-29T00:59:39","slug":"loja-vamos-de-longevidade","status":"publish","type":"page","link":"https:\/\/vamosdelongevidade.com.br\/loja\/","title":{"rendered":"Loja Vamos de Longevidade"},"content":{"rendered":"<p>Na Loja do Saltico, voc\u00ea encontrar\u00e1 a maior cole\u00e7\u00e3o criativa de sapos. S\u00e3o itens criativos, divertidos e exclusivos que celebram o carisma e a fofura dos sapos. De presentes a decora\u00e7\u00f5es e acess\u00f3rios, somos a refer\u00eancia para os apaixonados por esses anf\u00edbios incr\u00edveis. \ud83d\udc38\u2728<\/p>\n","protected":false},"excerpt":{"rendered":"<p>Na Loja do Saltico, voc\u00ea encontrar\u00e1 a maior cole\u00e7\u00e3o criativa de sapos. S\u00e3o itens criativos, divertidos e exclusivos que celebram o carisma e a fofura dos sapos. De presentes a decora\u00e7\u00f5es e acess\u00f3rios, somos a refer\u00eancia para os apaixonados por esses anf\u00edbios incr\u00edveis. \ud83d\udc38\u2728<\/p>\n","protected":false},"author":1,"featured_media":0,"parent":0,"menu_order":0,"comment_status":"closed","ping_status":"closed","template":"page-loja.php","meta":{"footnotes":""},"class_list":["post-2","page","type-page","status-publish","hentry"],"acf":{"link":"https:\/\/vamosdelongevidade.com.br\/loja\/","gallery":"","click":0,"count":""},"yoast_head":"<!-- This site is optimized with the Yoast SEO plugin v27.2 - https:\/\/yoast.com\/product\/yoast-seo-wordpress\/ -->\n<title>Loja Vamos de Longevidade - Vamos de Longevidade<\/title>\n<meta name=\"robots\" content=\"index, follow, max-snippet:-1, max-image-preview:large, max-video-preview:-1\" \/>\n<link rel=\"canonical\" href=\"https:\/\/vamosdelongevidade.com.br\/loja\/\" \/>\n<meta property=\"og:locale\" content=\"pt_BR\" \/>\n<meta property=\"og:type\" content=\"article\" \/>\n<meta property=\"og:title\" content=\"Loja Vamos de Longevidade - Vamos de Longevidade\" \/>\n<meta property=\"og:description\" content=\"Na Loja do Saltico, voc\u00ea encontrar\u00e1 a maior cole\u00e7\u00e3o criativa de sapos. S\u00e3o itens criativos, divertidos e exclusivos que celebram o carisma e a fofura dos sapos. De presentes a decora\u00e7\u00f5es e acess\u00f3rios, somos a refer\u00eancia para os apaixonados por esses anf\u00edbios incr\u00edveis. \ud83d\udc38\u2728\" \/>\n<meta property=\"og:url\" content=\"https:\/\/vamosdelongevidade.com.br\/loja\/\" \/>\n<meta property=\"og:site_name\" content=\"Vamos de Longevidade\" \/>\n<meta property=\"article:modified_time\" content=\"2025-10-29T00:59:39+00:00\" \/>\n<meta name=\"twitter:card\" content=\"summary_large_image\" \/>\n<script type=\"application\/ld+json\" class=\"yoast-schema-graph\">{\"@context\":\"https:\/\/schema.org\",\"@graph\":[{\"@type\":\"WebPage\",\"@id\":\"https:\/\/vamosdelongevidade.com.br\/loja\/\",\"url\":\"https:\/\/vamosdelongevidade.com.br\/loja\/\",\"name\":\"Loja Vamos de Longevidade - Vamos de Longevidade\",\"isPartOf\":{\"@id\":\"https:\/\/vamosdelongevidade.com.br\/loja\/#website\"},\"datePublished\":\"2024-12-19T15:29:54+00:00\",\"dateModified\":\"2025-10-29T00:59:39+00:00\",\"breadcrumb\":{\"@id\":\"https:\/\/vamosdelongevidade.com.br\/loja\/#breadcrumb\"},\"inLanguage\":\"pt-BR\",\"potentialAction\":[{\"@type\":\"ReadAction\",\"target\":[\"https:\/\/vamosdelongevidade.com.br\/loja\/\"]}]},{\"@type\":\"BreadcrumbList\",\"@id\":\"https:\/\/vamosdelongevidade.com.br\/loja\/#breadcrumb\",\"itemListElement\":[{\"@type\":\"ListItem\",\"position\":1,\"name\":\"In\u00edcio\",\"item\":\"https:\/\/vamosdelongevidade.com.br\/loja\/\"},{\"@type\":\"ListItem\",\"position\":2,\"name\":\"Loja Vamos de Longevidade\"}]},{\"@type\":\"WebSite\",\"@id\":\"https:\/\/vamosdelongevidade.com.br\/loja\/#website\",\"url\":\"https:\/\/vamosdelongevidade.com.br\/loja\/\",\"name\":\"Vamos de Longevidade\",\"description\":\"Decida agora, comece hoje.\",\"potentialAction\":[{\"@type\":\"SearchAction\",\"target\":{\"@type\":\"EntryPoint\",\"urlTemplate\":\"https:\/\/vamosdelongevidade.com.br\/loja\/?s={search_term_string}\"},\"query-input\":{\"@type\":\"PropertyValueSpecification\",\"valueRequired\":true,\"valueName\":\"search_term_string\"}}],\"inLanguage\":\"pt-BR\"}]}<\/script>\n<!-- \/ Yoast SEO plugin. -->","yoast_head_json":{"title":"Loja Vamos de Longevidade - Vamos de Longevidade","robots":{"index":"index","follow":"follow","max-snippet":"max-snippet:-1","max-image-preview":"max-image-preview:large","max-video-preview":"max-video-preview:-1"},"canonical":"https:\/\/vamosdelongevidade.com.br\/loja\/","og_locale":"pt_BR","og_type":"article","og_title":"Loja Vamos de Longevidade - Vamos de Longevidade","og_description":"Na Loja do Saltico, voc\u00ea encontrar\u00e1 a maior cole\u00e7\u00e3o criativa de sapos. S\u00e3o itens criativos, divertidos e exclusivos que celebram o carisma e a fofura dos sapos. De presentes a decora\u00e7\u00f5es e acess\u00f3rios, somos a refer\u00eancia para os apaixonados por esses anf\u00edbios incr\u00edveis. \ud83d\udc38\u2728","og_url":"https:\/\/vamosdelongevidade.com.br\/loja\/","og_site_name":"Vamos de Longevidade","article_modified_time":"2025-10-29T00:59:39+00:00","twitter_card":"summary_large_image","schema":{"@context":"https:\/\/schema.org","@graph":[{"@type":"WebPage","@id":"https:\/\/vamosdelongevidade.com.br\/loja\/","url":"https:\/\/vamosdelongevidade.com.br\/loja\/","name":"Loja Vamos de Longevidade - Vamos de Longevidade","isPartOf":{"@id":"https:\/\/vamosdelongevidade.com.br\/loja\/#website"},"datePublished":"2024-12-19T15:29:54+00:00","dateModified":"2025-10-29T00:59:39+00:00","breadcrumb":{"@id":"https:\/\/vamosdelongevidade.com.br\/loja\/#breadcrumb"},"inLanguage":"pt-BR","potentialAction":[{"@type":"ReadAction","target":["https:\/\/vamosdelongevidade.com.br\/loja\/"]}]},{"@type":"BreadcrumbList","@id":"https:\/\/vamosdelongevidade.com.br\/loja\/#breadcrumb","itemListElement":[{"@type":"ListItem","position":1,"name":"In\u00edcio","item":"https:\/\/vamosdelongevidade.com.br\/loja\/"},{"@type":"ListItem","position":2,"name":"Loja Vamos de Longevidade"}]},{"@type":"WebSite","@id":"https:\/\/vamosdelongevidade.com.br\/loja\/#website","url":"https:\/\/vamosdelongevidade.com.br\/loja\/","name":"Vamos de Longevidade","description":"Decida agora, comece hoje.","potentialAction":[{"@type":"SearchAction","target":{"@type":"EntryPoint","urlTemplate":"https:\/\/vamosdelongevidade.com.br\/loja\/?s={search_term_string}"},"query-input":{"@type":"PropertyValueSpecification","valueRequired":true,"valueName":"search_term_string"}}],"inLanguage":"pt-BR"}]}},"_links":{"self":[{"href":"https:\/\/vamosdelongevidade.com.br\/loja\/wp-json\/wp\/v2\/pages\/2","targetHints":{"allow":["GET"]}}],"collection":[{"href":"https:\/\/vamosdelongevidade.com.br\/loja\/wp-json\/wp\/v2\/pages"}],"about":[{"href":"https:\/\/vamosdelongevidade.com.br\/loja\/wp-json\/wp\/v2\/types\/page"}],"author":[{"embeddable":true,"href":"https:\/\/vamosdelongevidade.com.br\/loja\/wp-json\/wp\/v2\/users\/1"}],"replies":[{"embeddable":true,"href":"https:\/\/vamosdelongevidade.com.br\/loja\/wp-json\/wp\/v2\/comments?post=2"}],"version-history":[{"count":5,"href":"https:\/\/vamosdelongevidade.com.br\/loja\/wp-json\/wp\/v2\/pages\/2\/revisions"}],"predecessor-version":[{"id":1840,"href":"https:\/\/vamosdelongevidade.com.br\/loja\/wp-json\/wp\/v2\/pages\/2\/revisions\/1840"}],"wp:attachment":[{"href":"https:\/\/vamosdelongevidade.com.br\/loja\/wp-json\/wp\/v2\/media?parent=2"}],"curies":[{"name":"wp","href":"https:\/\/api.w.org\/{rel}","templated":true}]}}